{"id":13,"date":"2012-04-08T21:21:22","date_gmt":"2012-04-08T21:21:22","guid":{"rendered":"http:\/\/www.fredo.fr\/?page_id=13"},"modified":"2024-02-25T22:42:00","modified_gmt":"2024-02-25T22:42:00","slug":"cv","status":"publish","type":"page","link":"https:\/\/fred.letellier.org\/?page_id=13","title":{"rendered":"CV"},"content":{"rendered":"<div align=\"justify\">\nFr\u00e9d\u00e9ric LETELLIER<br \/>\nE-mail : frederic@letellier.org<br \/>\nAdresse : Paris<\/p>\n<p><strong>FORMATION, DIPL\u00d4MES<\/strong><\/p>\n<ul>\n<li>2015 &nbsp; Dipl\u00f4me d&rsquo;ing\u00e9nieur en instrumentation mesure au CNAM<\/li>\n<li>2011&nbsp;&nbsp; Dipl\u00f4me RNCP niveau II de concepteur-architecte informatique au CNAM<\/li>\n<li>2008&nbsp;&nbsp; Dipl\u00f4me RNCP niveau II en instrumentation mesure au CNAM<\/li>\n<li>2007&nbsp;&nbsp; Dipl\u00f4me d\u2019\u00e9tudes Sup\u00e9rieures Techniques (DEST) en instrumentation mesure au CNAM<\/li>\n<li>2003&nbsp;&nbsp; DEA Robotique et Syst\u00e8mes Intelligents \u00e0 l\u2019universit\u00e9 Paris 6<\/li>\n<li>2002&nbsp;&nbsp; Ma\u00eetrise \u00c9lectronique \u00c9lectrotechnique et Automatique \u00e0 l\u2019universit\u00e9 Paris 6 (universit\u00e9 Pierre et Marie Curie)<\/li>\n<li>2001&nbsp;&nbsp; Licence \u00c9lectronique \u00c9lectrotechnique et Automatique \u00e0 l\u2019universit\u00e9 Paris 6 (universit\u00e9 Pierre et Marie Curie)<\/li>\n<li>2000&nbsp;&nbsp; BTS de Mesures Physiques<\/li>\n<li>1998&nbsp;&nbsp; BAC s\u00e9rie S<\/li>\n<\/ul>\n<p><strong>EXP\u00c9RIENCE PROFESSIONNELLE<\/strong><\/p>\n<ul>\n<li>Depuis 2021\tIng\u00e9nieur en instrumentation mesures au Laboratoire PIMM du CNRS\/ENSAM\/CNAM<\/li>\n<li>2020&nbsp;&nbsp; &nbsp;Ing\u00e9nieur en instrumentation mesures au Laboratoire de Physique des 2 infinis Ir\u00e8ne Joliot-Curie (IJCLab) du CNRS\/Paris-Saclay pendant 2 ans<\/li>\n<li>2009&nbsp;&nbsp; &nbsp;Ing\u00e9nieur en instrumentation mesures au Laboratoire de l\u2019Acc\u00e9l\u00e9rateur Lin\u00e9aire (LAL) du CNRS\/Paris 11 pendant 11 ans<\/li>\n<li>2007&nbsp;&nbsp; &nbsp;Instrumentation mesures au Laboratoire de Chimie Physique &#8211; Mati\u00e8re et Rayonnement du CNRS\/Paris 6 pendant 1 an et 4 mois<\/li>\n<li>2005&nbsp;&nbsp; &nbsp;Ing\u00e9nieur en robotique \u00e0 l\u2019ENSTA (Ecole Nationale Sup\u00e9rieure de Techniques Avanc\u00e9es) pendant 2 ans et 3 mois<\/li>\n<li>2004&nbsp;&nbsp; &nbsp;Informaticien pour les services du premier ministre pendant 1 an.<\/li>\n<li>2003&nbsp;&nbsp; &nbsp;Stage au laboratoire de physique des Liquides et \u00c9lectrochimie (Paris) pendant 4 mois. R\u00e9alisation d\u2019un logiciel de traitement d\u2019images programm\u00e9 en C.<\/li>\n<li>2001&nbsp;&nbsp; &nbsp;Stage au laboratoire de physiologie digestive \u00e0 l\u2019h\u00f4pital Broussais (Paris)&nbsp;pendant 3 mois. R\u00e9alisation d\u2019un estomac artificiel.<\/li>\n<li>1999&nbsp;&nbsp; &nbsp;Stage au laboratoire PCM (physico-chimie mol\u00e9culaire et min\u00e9rale) \u00e0 l\u2019\u00e9cole Centrale pendant 4 mois. \u00c9tude de divers type de spectrom\u00e8tres.<\/li>\n<\/ul>\n<p><strong>LANGUE \u00c9TRANG\u00c8RE<\/strong><\/p>\n<ul>\n<li>Anglais<\/li>\n<\/ul>\n<p><strong>LOISIRS ET CENTRES d\u2019INT\u00c9R\u00caTS<\/strong><\/p>\n<ul>\n<li>Depuis 1996&nbsp;&nbsp; &nbsp;:&nbsp;&nbsp;&nbsp;&nbsp; Cr\u00e9ation de nombreux sites Internet en PHP\/MySQL<\/li>\n<\/ul>\n<p><strong>DIVERS<\/strong><\/p>\n<ul>\n<li>Permis B<\/li>\n<li>Attestation de formation aux premiers secours<\/li>\n<\/ul>\n<p><strong>LES UNITES D\u2019ENSEIGNEMENT OBTENUES AU CNAM<\/strong><\/p>\n<ul>\n<li>2003&nbsp;&nbsp; &nbsp;&nbsp;&nbsp; &nbsp;(PHR103) Pr\u00e9vention des risques physiques<\/li>\n<li>2003&nbsp;&nbsp; &nbsp;&nbsp;&nbsp; &nbsp;(TET101) Management social et humain<\/li>\n<li>2004&nbsp;&nbsp; &nbsp;&nbsp;&nbsp; &nbsp;(NST102) Propri\u00e9t\u00e9s des instruments et acquisition du signal<\/li>\n<li>2004&nbsp;&nbsp; &nbsp;&nbsp;&nbsp; &nbsp;(EME102) Management et organisation des entreprises<\/li>\n<li>2004&nbsp;&nbsp; &nbsp;&nbsp;&nbsp; &nbsp;(PCM206) Pilotage d&rsquo;un r\u00e9seau<\/li>\n<li>2005&nbsp;&nbsp; &nbsp;&nbsp;&nbsp; &nbsp;(CCE103) Communication, culture, expression pour ing\u00e9nieur<\/li>\n<li>2005&nbsp;&nbsp; &nbsp;&nbsp;&nbsp; &nbsp;(CCE104) Communication, culture, expression pour ing\u00e9nieur<\/li>\n<li>2006&nbsp;&nbsp; &nbsp;&nbsp;&nbsp; &nbsp;(PCM102 \/ PCM103) Capteurs physiques chimiques et biologiques<\/li>\n<li>2006&nbsp;&nbsp; &nbsp;&nbsp;&nbsp; &nbsp;(MTR103) Mesure : unit\u00e9s, r\u00e9f\u00e9rences, incertitudes<\/li>\n<li>2006&nbsp;&nbsp; &nbsp;&nbsp;&nbsp; &nbsp;(NSY103) M\u00e9thodes de programmation syst\u00e8mes<\/li>\n<li>2006&nbsp;&nbsp; &nbsp;&nbsp;&nbsp; &nbsp;(NST105) Pr\u00e9paration \u00e0 l&rsquo;examen probatoire<\/li>\n<li>2007&nbsp;&nbsp; &nbsp;&nbsp;&nbsp; &nbsp;(NFE113) Conception et administration de bases de donn\u00e9es<\/li>\n<li>2007&nbsp;&nbsp; &nbsp;&nbsp;&nbsp; &nbsp;(NSY104) Architectures des syst\u00e8mes informatiques<\/li>\n<li>2007&nbsp;&nbsp; &nbsp;&nbsp;&nbsp; &nbsp;(RSX112) S\u00e9curit\u00e9 et r\u00e9seaux<\/li>\n<li>2008&nbsp;&nbsp; &nbsp;&nbsp;&nbsp; &nbsp;(AUT118) Intro aux techniques de commande des syst\u00e8mes lin\u00e9aires<\/li>\n<li>2008&nbsp;&nbsp; &nbsp;&nbsp;&nbsp; &nbsp;(RSX101) R\u00e9seaux et t\u00e9l\u00e9communications<\/li>\n<li>2008&nbsp;&nbsp; &nbsp;&nbsp;&nbsp; &nbsp;(RSX102) Technologies pour les applications client-serveur<\/li>\n<li>2008&nbsp;&nbsp; &nbsp;&nbsp;&nbsp; &nbsp;(NFP108) Sp\u00e9cification et Mod\u00e9lisation informatique<\/li>\n<li>2009&nbsp;&nbsp; &nbsp;&nbsp;&nbsp; &nbsp;(NSY110) Interaction homme-machine<\/li>\n<li>2009&nbsp;&nbsp; &nbsp;&nbsp;&nbsp; &nbsp;(RSX104) Images et sons num\u00e9riques<\/li>\n<li>2010&nbsp;&nbsp; &nbsp;&nbsp;&nbsp; &nbsp;(NSY107) Int\u00e9gration des syst\u00e8mes client- serveur<\/li>\n<li>2010&nbsp;&nbsp; &nbsp;&nbsp;&nbsp; &nbsp;(RCP101) Recherche op\u00e9rationnelle et aide \u00e0 la d\u00e9cision<\/li>\n<li>2020&nbsp;&nbsp; &nbsp;&nbsp;&nbsp; &nbsp;(UTC405) Notions fondamentales sur les mat\u00e9riaux<\/li>\n<\/ul>\n<p><strong>LES STAGES\/FORMATION PROFESSIONNELLES<\/strong><\/p>\n<ul>\n<li>2009&nbsp;&nbsp; &nbsp;&nbsp;&nbsp; &nbsp;(3 jours)&nbsp;&nbsp; &nbsp;Vide pour utilisateur<\/li>\n<li>2009&nbsp;&nbsp; &nbsp;&nbsp;&nbsp; &nbsp;(5 jours)&nbsp;&nbsp;&nbsp; \u00c9cole technique IN2P3 des Acc\u00e9l\u00e9rateurs<\/li>\n<li>2009&nbsp;&nbsp; &nbsp;&nbsp;&nbsp; &nbsp;(21 heures)&nbsp;&nbsp; &nbsp;L\u2019Ultra Vide des Grands Instruments<\/li>\n<li>2009&nbsp;&nbsp; &nbsp;&nbsp;&nbsp; &nbsp;(1 jour)&nbsp;&nbsp; &nbsp;Soudure par faisceau d\u2019\u00e9lectrons<\/li>\n<li>2010&nbsp;&nbsp; &nbsp;&nbsp;&nbsp; &nbsp;(3 jours)&nbsp;&nbsp; &nbsp;SST initiale<\/li>\n<li>2010&nbsp;&nbsp; &nbsp;&nbsp;&nbsp; &nbsp;(2 jours)&nbsp;&nbsp; &nbsp;Habilitation \u00e9lectrique<\/li>\n<li>2011&nbsp;&nbsp; &nbsp;&nbsp;&nbsp; &nbsp;(14 heures)&nbsp;&nbsp; &nbsp; Base de donn\u00e9es mat\u00e9riaux : GRANTA DESIGN<\/li>\n<li>2011&nbsp;&nbsp; &nbsp;&nbsp;&nbsp; &nbsp;(1 jour)&nbsp;&nbsp; &nbsp;&nbsp;&nbsp; Recyclage SST<\/li>\n<li>2013 &nbsp; &nbsp;&nbsp;&nbsp;&nbsp; (1 jour)&nbsp;&nbsp; &nbsp;&nbsp;&nbsp; Recyclage SST<\/li>\n<li>2014 &nbsp; &nbsp;&nbsp;&nbsp;&nbsp; (14 heures)&nbsp;&nbsp; &nbsp;Habilitation \u00e9lectrique<\/li>\n<li>2015&nbsp;&nbsp; &nbsp;&nbsp;&nbsp; &nbsp;(5 jours)&nbsp;&nbsp;&nbsp; \u00c9cole technique IN2P3 de base des d\u00e9tecteurs<\/li>\n<li>2016&nbsp;&nbsp; &nbsp;&nbsp;&nbsp; &nbsp;(4 jours)&nbsp;&nbsp;&nbsp; ANF Syst\u00e8mes de pompage<\/li>\n<li>2016&nbsp;&nbsp; &nbsp;&nbsp;&nbsp; &nbsp;(2 jours)&nbsp;&nbsp;&nbsp; LabVIEW Data Acquisition and Signal Conditioning (DAQ)<\/li>\n<li>2017&nbsp;&nbsp; &nbsp;&nbsp;&nbsp; &nbsp;(3 jours)&nbsp;&nbsp;&nbsp; Vide en milieu ionisant<\/li>\n<li>2017&nbsp;&nbsp; &nbsp;&nbsp;&nbsp; &nbsp;(3 jours)&nbsp;&nbsp;&nbsp; DIAdem Basics<\/li>\n<li>2017&nbsp;&nbsp; &nbsp;&nbsp;&nbsp; &nbsp;(3 jours)&nbsp;&nbsp;&nbsp; LabWindows\/CVI Core 1<\/li>\n<li>2019&nbsp;&nbsp; &nbsp;&nbsp;&nbsp; &nbsp;(3 jours)&nbsp;&nbsp;&nbsp; LabVIEW Core 2<\/li>\n<li>2019&nbsp;&nbsp; &nbsp;&nbsp;&nbsp; &nbsp;(5 jours)&nbsp;&nbsp;&nbsp; ANF R\u00e9seau des technologies du vide<\/li>\n<\/ul>\n<p>&nbsp;<br \/>\n&nbsp;<\/p>\n<\/div>\n","protected":false},"excerpt":{"rendered":"<p>Fr\u00e9d\u00e9ric LETELLIER E-mail : frederic@letellier.org Adresse : Paris FORMATION, DIPL\u00d4MES 2015 &nbsp; Dipl\u00f4me d&rsquo;ing\u00e9nieur en instrumentation mesure au CNAM 2011&nbsp;&nbsp; Dipl\u00f4me RNCP niveau II de concepteur-architecte informatique au CNAM 2008&nbsp;&nbsp; Dipl\u00f4me RNCP niveau II en instrumentation mesure au CNAM 2007&nbsp;&nbsp; &hellip; <a href=\"https:\/\/fred.letellier.org\/?page_id=13\">Continuer la lecture <span class=\"meta-nav\">&rarr;<\/span><\/a><\/p>\n","protected":false},"author":1,"featured_media":0,"parent":0,"menu_order":3,"comment_status":"closed","ping_status":"closed","template":"","meta":{"footnotes":""},"class_list":["post-13","page","type-page","status-publish","hentry"],"_links":{"self":[{"href":"https:\/\/fred.letellier.org\/index.php?rest_route=\/wp\/v2\/pages\/13","targetHints":{"allow":["GET"]}}],"collection":[{"href":"https:\/\/fred.letellier.org\/index.php?rest_route=\/wp\/v2\/pages"}],"about":[{"href":"https:\/\/fred.letellier.org\/index.php?rest_route=\/wp\/v2\/types\/page"}],"author":[{"embeddable":true,"href":"https:\/\/fred.letellier.org\/index.php?rest_route=\/wp\/v2\/users\/1"}],"replies":[{"embeddable":true,"href":"https:\/\/fred.letellier.org\/index.php?rest_route=%2Fwp%2Fv2%2Fcomments&post=13"}],"version-history":[{"count":54,"href":"https:\/\/fred.letellier.org\/index.php?rest_route=\/wp\/v2\/pages\/13\/revisions"}],"predecessor-version":[{"id":3465,"href":"https:\/\/fred.letellier.org\/index.php?rest_route=\/wp\/v2\/pages\/13\/revisions\/3465"}],"wp:attachment":[{"href":"https:\/\/fred.letellier.org\/index.php?rest_route=%2Fwp%2Fv2%2Fmedia&parent=13"}],"curies":[{"name":"wp","href":"https:\/\/api.w.org\/{rel}","templated":true}]}}